{"id":1182,"date":"2023-08-31T20:08:52","date_gmt":"2023-08-31T20:08:52","guid":{"rendered":"http:\/\/elpim.com\/?page_id=1182"},"modified":"2023-09-13T09:24:43","modified_gmt":"2023-09-13T09:24:43","slug":"hakkimizda","status":"publish","type":"page","link":"http:\/\/elpim.com\/index.php\/hakkimizda\/","title":{"rendered":"Hakk\u0131m\u0131zda"},"content":{"rendered":"<div id=\"pl-gb1182-69f2985b28a7a\"  class=\"panel-layout\" ><div id=\"pg-gb1182-69f2985b28a7a-0\"  class=\"panel-grid panel-no-style\" ><div id=\"pgc-gb1182-69f2985b28a7a-0-0\"  class=\"panel-grid-cell\" ><div id=\"panel-gb1182-69f2985b28a7a-0-0-0\" class=\"so-panel widget widget_text panel-first-child panel-last-child\" data-index=\"0\" >\t\t\t<div class=\"textwidget\"><p><strong>Elpim m\u00fchendislik <\/strong>, elektrik malzemeleri tedari\u011fi alan\u0131nda hizmet sunmak amac\u0131yla 1980 y\u0131l\u0131nda \u0130zmir&#8217; de kurulmu\u015ftur. Firmam\u0131z, birlikte i\u015f yapt\u0131\u011f\u0131 i\u015fletmelere enerji veren yenilik\u00e7i teknolojiler yaratmak i\u00e7in \u00e7al\u0131\u015fmaktad\u0131r. \u00c7\u00f6z\u00fcm odakl\u0131 yakla\u015f\u0131mlar\u0131yla; payda\u015flar\u0131n\u0131 sekt\u00f6r\u00fcn \u201cen g\u00fc\u00e7l\u00fcs\u00fc\u201d yapan niteliklerini s\u00fcrd\u00fcrmesi i\u00e7in destek vermektedir.<\/p>\n<p>Kurucular\u0131n\u0131n, sekt\u00f6rdeki uzun y\u0131llara varan yurt i\u00e7i ve yurt d\u0131\u015f\u0131 deneyimlerini; uzman, dinamik ve inovatif bir ekiple g\u00fc\u00e7lendirmeyi s\u00fcrd\u00fcrmektedir.<\/p>\n<p>Faaliyette bulundu\u011fu alanlarda maksimum m\u00fc\u015fteri memnuniyetine ula\u015fmay\u0131 hedeflemektedir. Proje bazl\u0131 \u00e7al\u0131\u015fmalar\u0131n t\u00fcm a\u015famalar\u0131nda y\u00fcksek kaliteli \u00fcr\u00fcnlerin tedari\u011fi, teknik deste\u011fi vb. hususlarda s\u00fcre\u00e7te \u00fczerine d\u00fc\u015fen b\u00fct\u00fcn sorumluklar\u0131 eksiksiz yerine getirmektedir.<\/p>\n<p>\u00dcr\u00fcnlerini\/Hizmetlerini, \u0130zmir&#8217; de bulunan yerle\u015fkelerinden T\u00fcrkiye\u2019nin ve d\u00fcnyan\u0131n her noktas\u0131na ula\u015ft\u0131rmaktad\u0131r.<\/p>\n<p><strong><span>Vizyonumuz<\/span><\/strong><\/p>\n<p><span>B\u00f6lgeler i\u00e7in de\u011fer yaratmay\u0131 ve s\u00fcrd\u00fcr\u00fclebilir bir gelecek in\u015fa etmeyi hedefliyoruz. Vizyonumuz, geli\u015fmi\u015f \u00e7\u00f6z\u00fcmler sunmak, sonu\u00e7 odakl\u0131, konumsal ve toplumsal sorumluluk bilinciyle hareket eden bir kurulu\u015ftur.<\/span><\/p>\n<p><strong><span>Misyonumuz<\/span><\/strong><\/p>\n<p><span>M\u00fc\u015fterinin her \u015feyi \u00fczerinde koruruz. Misyonumuz, g\u00fcvenilir, y\u00fcksek kaliteli \u00fcr\u00fcnler ve hizmetler sunarak onlar\u0131n ihtiya\u00e7lar\u0131n\u0131 kar\u015f\u0131layan, g\u00fcvenilir bir i\u015f arkada\u015f\u0131 olmak ve s\u00fcrekli geli\u015fmeyi te\u015fvik etmeye odaklanm\u0131\u015ft\u0131r.<\/span><\/p>\n<p><strong><span>Neden Bizi Se\u00e7melisiniz?<\/span><\/strong><\/p>\n<ul>\n<li><span>Kalite ve G\u00fcvence: Elpim M\u00fchendislik, y\u00fcksek kaliteli \u00fcr\u00fcnler ve hizmetler i\u00e7in s\u00fcrekli olarak kalite kontrol s\u00fcre\u00e7lerini geli\u015ftirir ve \u00e7\u00f6z\u00fcmler uygular.<\/span><\/li>\n<\/ul>\n<\/div>\n\t\t<\/div><\/div><\/div><\/div>","protected":false},"excerpt":{"rendered":"<p>Elpim m\u00fchendislik , elektrik malzemeleri tedari\u011fi alan\u0131nda hizmet sunmak amac\u0131yla 1980 y\u0131l\u0131nda \u0130zmir&#8217; de kurulmu\u015ftur. Firmam\u0131z, birlikte i\u015f yapt\u0131\u011f\u0131 i\u015fletmelere enerji veren yenilik\u00e7i teknolojiler yaratmak i\u00e7in \u00e7al\u0131\u015fmaktad\u0131r. \u00c7\u00f6z\u00fcm odakl\u0131 yakla\u015f\u0131mlar\u0131yla; payda\u015flar\u0131n\u0131 sekt\u00f6r\u00fcn<a class=\"moretag\" href=\"http:\/\/elpim.com\/index.php\/hakkimizda\/\">Read More&#8230;<\/a><\/p>\n","protected":false},"author":1,"featured_media":0,"parent":0,"menu_order":0,"comment_status":"closed","ping_status":"closed","template":"","meta":{"_monsterinsights_skip_tracking":false,"_monsterinsights_sitenote_active":false,"_monsterinsights_sitenote_note":"","_monsterinsights_sitenote_category":0,"footnotes":""},"class_list":["post-1182","page","type-page","status-publish","hentry"],"aioseo_notices":[],"_links":{"self":[{"href":"http:\/\/elpim.com\/index.php\/wp-json\/wp\/v2\/pages\/1182","targetHints":{"allow":["GET"]}}],"collection":[{"href":"http:\/\/elpim.com\/index.php\/wp-json\/wp\/v2\/pages"}],"about":[{"href":"http:\/\/elpim.com\/index.php\/wp-json\/wp\/v2\/types\/page"}],"author":[{"embeddable":true,"href":"http:\/\/elpim.com\/index.php\/wp-json\/wp\/v2\/users\/1"}],"replies":[{"embeddable":true,"href":"http:\/\/elpim.com\/index.php\/wp-json\/wp\/v2\/comments?post=1182"}],"version-history":[{"count":2,"href":"http:\/\/elpim.com\/index.php\/wp-json\/wp\/v2\/pages\/1182\/revisions"}],"predecessor-version":[{"id":1323,"href":"http:\/\/elpim.com\/index.php\/wp-json\/wp\/v2\/pages\/1182\/revisions\/1323"}],"wp:attachment":[{"href":"http:\/\/elpim.com\/index.php\/wp-json\/wp\/v2\/media?parent=1182"}],"curies":[{"name":"wp","href":"https:\/\/api.w.org\/{rel}","templated":true}]}}